{"id":692,"date":"2020-09-18T12:25:29","date_gmt":"2020-09-18T10:25:29","guid":{"rendered":"http:\/\/nicolewooding.com\/?page_id=692"},"modified":"2024-03-03T23:15:58","modified_gmt":"2024-03-03T22:15:58","slug":"cv-page","status":"publish","type":"page","link":"https:\/\/nicolewooding.com\/index.php\/cv-page\/","title":{"rendered":"CV Page"},"content":{"rendered":"\t\t<div data-elementor-type=\"wp-page\" data-elementor-id=\"692\" class=\"elementor elementor-692\">\n\t\t\t\t\t\t<div class=\"elementor-inner\">\n\t\t\t\t<div class=\"elementor-section-wrap\">\n\t\t\t\t\t\t\t\t\t<section class=\"elementor-section elementor-top-section elementor-element elementor-element-207e0f45 elementor-section-boxed elementor-section-height-default elementor-section-height-default\" data-id=\"207e0f45\" data-element_type=\"section\" data-settings=\"{&quot;background_background&quot;:&quot;gradient&quot;}\">\n\t\t\t\t\t\t<div class=\"elementor-container elementor-column-gap-default\">\n\t\t\t\t\t\t\t<div class=\"elementor-row\">\n\t\t\t\t\t<div class=\"elementor-column elementor-col-100 elementor-top-column elementor-element elementor-element-4c4d19d2\" data-id=\"4c4d19d2\" data-element_type=\"column\">\n\t\t\t<div class=\"elementor-column-wrap elementor-element-populated\">\n\t\t\t\t\t\t\t<div class=\"elementor-widget-wrap\">\n\t\t\t\t\t\t<div class=\"elementor-element elementor-element-4b77c39c elementor-widget elementor-widget-heading\" data-id=\"4b77c39c\" data-element_type=\"widget\" data-widget_type=\"heading.default\">\n\t\t\t\t<div class=\"elementor-widget-container\">\n\t\t\t<h1 class=\"elementor-heading-title elementor-size-medium\">Education<\/h1>\t\t<\/div>\n\t\t\t\t<\/div>\n\t\t\t\t<div class=\"elementor-element elementor-element-bbed829 elementor-invisible elementor-widget elementor-widget-text-editor\" data-id=\"bbed829\" data-element_type=\"widget\" data-settings=\"{&quot;_animation&quot;:&quot;fadeIn&quot;,&quot;_animation_delay&quot;:500}\" data-widget_type=\"text-editor.default\">\n\t\t\t\t<div class=\"elementor-widget-container\">\n\t\t\t\t\t\t\t\t<div class=\"elementor-text-editor elementor-clearfix\">\n\t\t\t\t<p>Goldsmiths, University of London, London, United Kingdom\u00a0 &#8211; MA in Art Psychotherapy\u00a0 &#8211; 2020-2023<\/p><p>Royal Academy of Fine Arts of Brussels, ARBA-ESA, Brussels, Belgium\u00a0 &#8211; MA in Painting\u00a0 &#8211; 2014-2016<\/p><p>Middlesex University, London, United Kingdom\u00a0 &#8211; BA Fine Arts and Technology\u00a0 &#8211; 2011-2014<\/p>\t\t\t\t\t<\/div>\n\t\t\t\t\t\t<\/div>\n\t\t\t\t<\/div>\n\t\t\t\t<div class=\"elementor-element elementor-element-157b9a6 elementor-widget elementor-widget-heading\" data-id=\"157b9a6\" data-element_type=\"widget\" data-widget_type=\"heading.default\">\n\t\t\t\t<div class=\"elementor-widget-container\">\n\t\t\t<h1 class=\"elementor-heading-title elementor-size-medium\">Biography<\/h1>\t\t<\/div>\n\t\t\t\t<\/div>\n\t\t\t\t<div class=\"elementor-element elementor-element-571651a elementor-invisible elementor-widget elementor-widget-text-editor\" data-id=\"571651a\" data-element_type=\"widget\" data-settings=\"{&quot;_animation&quot;:&quot;fadeIn&quot;,&quot;_animation_delay&quot;:500}\" data-widget_type=\"text-editor.default\">\n\t\t\t\t<div class=\"elementor-widget-container\">\n\t\t\t\t\t\t\t\t<div class=\"elementor-text-editor elementor-clearfix\">\n\t\t\t\t<p>Nicole (b.1992, Belgium) is an interdisciplinary artist and art psychotherapist who currently lives and works in London (United Kingdom).<\/p><p><span style=\"font-size: 14px; text-align: start; letter-spacing: -0.4px; word-spacing: 0.1em; background-color: transparent;\">Nicole&#8217;s preferred art medium are oil paints and stained glass, however she also has been exploring embroidery in her most recent artwork. She uses these materials to mainly explore her relationship to herself and others, her thoughts, emotions and unconscious patterns. She has previously made interactive pieces of work, which engage the viewer in exploring their own agency and connectivity to others. The themes in her work explore inner and outer boundaries of the self, protection and vulnerability, mental health, pain, family dynamics, neurodiversity, disability and loss. Nicole often leaves her artwork open to interpretation, so that the viewer can connect to the artworks in their own unique way. <\/span><span style=\"font-size: 14px; font-style: normal; font-weight: 400; letter-spacing: -0.4px; text-align: start; word-spacing: 1.4px; background-color: transparent;\">Analytical and curious, she has been very interested in studying the human condition, and through combining her passion for art and psychotherapy, she is able to explore the mystery of the human psyche, and her own unconscious, in her artworks.\u00a0<\/span><span style=\"font-size: 14px; letter-spacing: -0.4px; word-spacing: 0.1em; background-color: transparent; text-align: start;\">Nicole has been greatly influenced by symbolism, surreal art, performance art, dark art and figurative painters such as Lucian Freud, Francis Bacon, Michael Borremans, Ren\u00e9 Magritte, Dino Valls, Wangari Mathenge, Jan de Maesschalck, Caravaggio, Hans Memling, L\u00e9on Spilliaert, Th\u00e9odore G\u00e9riault\u00a0<\/span><span style=\"font-size: 14px; letter-spacing: -0.4px; word-spacing: 0.1em; background-color: transparent; text-align: start;\">and<\/span><span style=\"letter-spacing: -0.4px; background-color: transparent; text-align: start; word-spacing: 0.1em; color: #222222; font-family: Arial, Helvetica, sans-serif; font-size: small;\"><span style=\"letter-spacing: normal; word-spacing: 0px;\">\u00a0<\/span><\/span><span style=\"font-size: 14px; letter-spacing: -0.4px; word-spacing: 0.1em; background-color: transparent; text-align: start;\">Mircea Suciu. Her most recent artworks focus on symbolism and metaphors, and this closely relates to her work as an art psychotherapist.\u00a0<\/span><\/p>\t\t\t\t\t<\/div>\n\t\t\t\t\t\t<\/div>\n\t\t\t\t<\/div>\n\t\t\t\t\t\t<\/div>\n\t\t\t\t\t<\/div>\n\t\t<\/div>\n\t\t\t\t\t\t\t\t<\/div>\n\t\t\t\t\t<\/div>\n\t\t<\/section>\n\t\t\t\t<section class=\"elementor-section elementor-top-section elementor-element elementor-element-72f3f9d elementor-section-boxed elementor-section-height-default elementor-section-height-default\" data-id=\"72f3f9d\" data-element_type=\"section\">\n\t\t\t\t\t\t<div class=\"elementor-container elementor-column-gap-default\">\n\t\t\t\t\t\t\t<div class=\"elementor-row\">\n\t\t\t\t\t<div class=\"elementor-column elementor-col-100 elementor-top-column elementor-element elementor-element-39060d9\" data-id=\"39060d9\" data-element_type=\"column\">\n\t\t\t<div class=\"elementor-column-wrap elementor-element-populated\">\n\t\t\t\t\t\t\t<div class=\"elementor-widget-wrap\">\n\t\t\t\t\t\t<div class=\"elementor-element elementor-element-11a8f30 elementor-widget elementor-widget-heading\" data-id=\"11a8f30\" data-element_type=\"widget\" data-widget_type=\"heading.default\">\n\t\t\t\t<div class=\"elementor-widget-container\">\n\t\t\t<h2 class=\"elementor-heading-title elementor-size-default\">Explore My Recent Work<\/h2>\t\t<\/div>\n\t\t\t\t<\/div>\n\t\t\t\t<div class=\"elementor-element elementor-element-3a0e324 elementor-grid-3 elementor-grid-tablet-2 elementor-grid-mobile-1 eael-fg-card-content-align-left elementor-widget elementor-widget-eael-filterable-gallery\" data-id=\"3a0e324\" data-element_type=\"widget\" data-settings=\"{&quot;columns&quot;:&quot;3&quot;,&quot;columns_tablet&quot;:&quot;2&quot;,&quot;columns_mobile&quot;:&quot;1&quot;,&quot;photo_gallery&quot;:&quot;yes&quot;,&quot;pagination&quot;:&quot;false&quot;}\" data-widget_type=\"eael-filterable-gallery.default\">\n\t\t\t\t<div class=\"elementor-widget-container\">\n\t\t\t        <div id=\"eael-filter-gallery-wrapper-3a0e324\" class=\"eael-filter-gallery-wrapper\" data-layout-mode=\"card\" data-mfp_caption=\"\">\n            \n            \n            <div class=\"eael-filter-gallery-container eael-filter-gallery-grid\" data-images-per-page=\"\" data-total-gallery-items=\"1\" data-nomore-item-text=\"\" data-settings=\"{&quot;grid_style&quot;:&quot;grid&quot;,&quot;popup&quot;:&quot;media&quot;,&quot;duration&quot;:500,&quot;gallery_enabled&quot;:&quot;yes&quot;,&quot;post_id&quot;:692,&quot;widget_id&quot;:&quot;3a0e324&quot;}\" data-gallery-items=\"[&quot;\\u003Cdiv class=\\u0022eael-filterable-gallery-item-wrap\\u0022\\u003E\\n\\t\\t\\t\\t\\u003Cdiv class=\\u0022eael-gallery-grid-item\\u0022\\u003E\\u003Ca href=\\u0022http:\\\/\\\/nicolewooding.com\\\/wp-content\\\/uploads\\\/2020\\\/09\\\/4.jpg\\u0022 class=\\u0022eael-magnific-link media-content-wrap\\u0022 data-elementor-open-lightbox=\\u0022no\\u0022\\u003E\\u003Cdiv class=\\u0022gallery-item-thumbnail-wrap\\u0022\\u003E\\u003Cimg src=\\u0022http:\\\/\\\/nicolewooding.com\\\/wp-content\\\/uploads\\\/2020\\\/09\\\/4.jpg\\u0022 data-lazy-src=\\u0022http:\\\/\\\/nicolewooding.com\\\/wp-content\\\/uploads\\\/2020\\\/09\\\/4.jpg\\u0022 alt=\\u0022\\u0022 class=\\u0022gallery-item-thumbnail\\u0022\\u003E\\u003C\\\/div\\u003E\\u003C\\\/a\\u003E\\u003Cdiv class=\\u0022gallery-item-caption-wrap caption-style-card \\u0022\\u003E\\u003Cdiv class=\\u0022gallery-item-caption-over\\u0022\\u003E\\u003Ch5 class=\\u0022fg-item-title\\u0022\\u003EDetail of family portrait\\u003C\\\/h5\\u003E\\u003Cdiv class=\\u0022fg-item-content\\u0022\\u003E\\u003Cp\\u003EOils on canvas\\u003C\\\/p\\u003E\\n\\u003C\\\/div\\u003E\\u003C\\\/div\\u003E\\u003C\\\/div\\u003E\\u003C\\\/a\\u003E\\u003C\\\/a\\u003E\\u003C\\\/a\\u003E\\u003C\\\/div\\u003E\\u003C\\\/div\\u003E&quot;]\" data-init-show=\"3\">\n                <div class=\"eael-filterable-gallery-item-wrap\">\n\t\t\t\t<div class=\"eael-gallery-grid-item\"><a href=\"http:\/\/nicolewooding.com\/wp-content\/uploads\/2020\/09\/4.jpg\" class=\"eael-magnific-link media-content-wrap\" data-elementor-open-lightbox=\"no\"><div class=\"gallery-item-thumbnail-wrap\"><img decoding=\"async\" src=\"http:\/\/nicolewooding.com\/wp-content\/uploads\/2020\/09\/4.jpg\" data-lazy-src=\"http:\/\/nicolewooding.com\/wp-content\/uploads\/2020\/09\/4.jpg\" alt=\"\" class=\"gallery-item-thumbnail\"><\/div><\/a><div class=\"gallery-item-caption-wrap caption-style-card \"><div class=\"gallery-item-caption-over\"><h5 class=\"fg-item-title\">Detail of family portrait<\/h5><div class=\"fg-item-content\"><p>Oils on canvas<\/p>\n<\/div><\/div><\/div><\/a><\/a><\/a><\/div><\/div>            <\/div>\n            \n                    <\/div>\n        \n        \t\t<\/div>\n\t\t\t\t<\/div>\n\t\t\t\t<div class=\"elementor-element elementor-element-dd51ce9 elementor-align-left elementor-widget elementor-widget-button\" data-id=\"dd51ce9\" data-element_type=\"widget\" data-widget_type=\"button.default\">\n\t\t\t\t<div class=\"elementor-widget-container\">\n\t\t\t\t\t<div class=\"elementor-button-wrapper\">\n\t\t\t<a href=\"http:\/\/nicolewooding.com\/index.php\/portraits\/\" class=\"elementor-button-link elementor-button elementor-size-sm\" role=\"button\">\n\t\t\t\t\t\t<span class=\"elementor-button-content-wrapper\">\n\t\t\t\t\t\t\t<span class=\"elementor-button-icon elementor-align-icon-right\">\n\t\t\t\t<i aria-hidden=\"true\" class=\"far fa-arrow-alt-circle-right\"><\/i>\t\t\t<\/span>\n\t\t\t\t\t\t<span class=\"elementor-button-text\">Discover Recent Works<\/span>\n\t\t<\/span>\n\t\t\t\t\t<\/a>\n\t\t<\/div>\n\t\t\t\t<\/div>\n\t\t\t\t<\/div>\n\t\t\t\t\t\t<\/div>\n\t\t\t\t\t<\/div>\n\t\t<\/div>\n\t\t\t\t\t\t\t\t<\/div>\n\t\t\t\t\t<\/div>\n\t\t<\/section>\n\t\t\t\t\t\t\t\t\t<\/div>\n\t\t\t<\/div>\n\t\t\t\t\t<\/div>\n\t\t","protected":false},"excerpt":{"rendered":"<p>Education Goldsmiths, University of London, London, United Kingdom\u00a0 &#8211; MA in Art Psychotherapy\u00a0 &#8211; 2020-2023 Royal Academy of Fine Arts of Brussels, ARBA-ESA, Brussels, Belgium\u00a0 &#8211; MA in Painting\u00a0 &#8211; 2014-2016 Middlesex University, London, United Kingdom\u00a0 &#8211; BA Fine Arts and Technology\u00a0 &#8211; 2011-2014 Biography Nicole (b.1992, Belgium) is an interdisciplinary artist and art psychotherapist &hellip;<\/p>\n<p class=\"read-more\"> <a class=\"\" href=\"https:\/\/nicolewooding.com\/index.php\/cv-page\/\"> <span class=\"screen-reader-text\">CV Page<\/span> Read More &raquo;<\/a><\/p>\n","protected":false},"author":1,"featured_media":0,"parent":0,"menu_order":2,"comment_status":"closed","ping_status":"closed","template":"","meta":{"site-sidebar-layout":"no-sidebar","site-content-layout":"page-builder","ast-global-header-display":"","ast-main-header-display":"","ast-hfb-above-header-display":"","ast-hfb-below-header-display":"","ast-hfb-mobile-header-display":"","site-post-title":"disabled","ast-breadcrumbs-content":"","ast-featured-img":"disabled","footer-sml-layout":"","theme-transparent-header-meta":"default","adv-header-id-meta":"","stick-header-meta":"","header-above-stick-meta":"","header-main-stick-meta":"","header-below-stick-meta":"","footnotes":""},"_links":{"self":[{"href":"https:\/\/nicolewooding.com\/index.php\/wp-json\/wp\/v2\/pages\/692"}],"collection":[{"href":"https:\/\/nicolewooding.com\/index.php\/wp-json\/wp\/v2\/pages"}],"about":[{"href":"https:\/\/nicolewooding.com\/index.php\/wp-json\/wp\/v2\/types\/page"}],"author":[{"embeddable":true,"href":"https:\/\/nicolewooding.com\/index.php\/wp-json\/wp\/v2\/users\/1"}],"replies":[{"embeddable":true,"href":"https:\/\/nicolewooding.com\/index.php\/wp-json\/wp\/v2\/comments?post=692"}],"version-history":[{"count":83,"href":"https:\/\/nicolewooding.com\/index.php\/wp-json\/wp\/v2\/pages\/692\/revisions"}],"predecessor-version":[{"id":1153,"href":"https:\/\/nicolewooding.com\/index.php\/wp-json\/wp\/v2\/pages\/692\/revisions\/1153"}],"wp:attachment":[{"href":"https:\/\/nicolewooding.com\/index.php\/wp-json\/wp\/v2\/media?parent=692"}],"curies":[{"name":"wp","href":"https:\/\/api.w.org\/{rel}","templated":true}]}}